{"id":398,"date":"2016-09-20T21:37:26","date_gmt":"2016-09-20T19:37:26","guid":{"rendered":"http:\/\/noa.bart.sk\/?page_id=398"},"modified":"2016-09-20T21:44:04","modified_gmt":"2016-09-20T19:44:04","slug":"dokumenty-tsv","status":"publish","type":"page","link":"https:\/\/noa.bart.sk\/index.php\/dokumenty-tsv\/","title":{"rendered":"Dokumenty TSV"},"content":{"rendered":"<div class=\"row\">\n<div class=\"col-md-12\">\n<h1>Oslobodenie od cvi\u010denia na hodin\u00e1ch TSV<\/h1>\n<hr \/>\n<h3><strong>IV.\u00a0ZDRAVOTN\u00c1 SKUPINA &#8211; \u00fapln\u00e9 uvo\u013enenie od cvi\u010denia na hodin\u00e1ch TSV<\/strong><\/h3>\n<p>\u017diaci s v\u00e1\u017enymi zdravotn\u00fdmi probl\u00e9mami bud\u00fa uvo\u013enen\u00ed od cvi\u010denia na hodin\u00e1ch telesnej a\u00a0\u0161portovej v\u00fdchovy na z\u00e1klade p\u00edsomnej \u017eiadosti z\u00e1konn\u00e9ho z\u00e1stupcu \u017eiaka a\u00a0lek\u00e1rskeho potvrdenia dokazuj\u00faceho opr\u00e1vnenos\u0165 tohto uvo\u013enenia.<\/p>\n<p>\u017diak osloboden\u00fd od cvi\u010denia na hodin\u00e1ch TSV nie je osloboden\u00fd od \u00fa\u010dasti na hodin\u00e1ch TSV. To znamen\u00e1, \u017ee sa hod\u00edn TSV z\u00fa\u010dast\u0148uje a\u00a0vykon\u00e1va \u00falohy ur\u010den\u00e9 u\u010dite\u013eom.<\/p>\n<p>Pod\u013ea vyhl\u00e1\u0161ky \u010d. 314\/2008 Z. z. \u00a7 10 m\u00f4\u017ee riadite\u013e \u0161koly uvo\u013eni\u0165 \u017eiaka z\u00a0vyu\u010dovania povinn\u00e9ho predmetu alebo od telesn\u00fdch \u00fakonov spojen\u00fdch s\u00a0vyu\u010dovan\u00edm niektor\u00fdch predmetov na z\u00e1klade vyjadrenia pr\u00edslu\u0161n\u00e9ho lek\u00e1ra, a\u00a0ak ide o\u00a0\u017eiaka so zmenenou pracovnou schopnos\u0165ou, na z\u00e1klade vyjadrenia posudkov\u00e9ho lek\u00e1ra soci\u00e1lneho zabezpe\u010denia.<\/p>\n<ul>\n<li><strong><a href=\"http:\/\/oake.sk\/files\/informacie_zakladne\/tsv_tlaciva\/tlacivo_uplne_uvolnenie_od_tsv_iv._zdrav._sk.doc\" target=\"_blank\">Tla\u010divo-\u00fapln\u00e9 uvo\u013enenie od TSV- IV. zdravotn\u00e1 skupina<\/a><\/strong>\u00a0 \u2190 \u00a0tla\u010divo vyplni\u0165<\/li>\n<li><strong><a href=\"http:\/\/oake.sk\/files\/informacie_zakladne\/tsv_tlaciva\/ziadost_zak._zastupcu_o_uvolnenie_od_tsv.doc\" target=\"_blank\">\u017diados\u0165 z\u00e1konn\u00e9ho z\u00e1stupcu \u017eiaka o uvo\u013enenie od TSV<\/a><\/strong>\u00a0\u00a0\u2190 ak je \u017eiak mlad\u0161\u00ed ako 18 rokov = \u017eiados\u0165 vyplni\u0165\/upravi\u0165<\/li>\n<\/ul>\n<p>&nbsp;<\/p>\n<h3><strong>III. ZDRAVOTN\u00c1 SKUPINA &#8211; \u010diasto\u010dn\u00e9 uvo\u013enenie od cvi\u010denia na hodin\u00e1ch TSV<\/strong><\/h3>\n<p>\u017diaci s\u00a0men\u0161\u00edmi zdravotn\u00fdmi probl\u00e9mami\u00a0\u00a0bud\u00fa na z\u00e1klade lek\u00e1rskeho potvrdenia \u010diasto\u010dne osloboden\u00ed od TSV. Pri \u010diasto\u010dnom osloboden\u00ed lek\u00e1r na potvrdenie uvedie \u010do \u017eiak nesmie konkr\u00e9tne na hodin\u00e1ch TSV robi\u0165.<\/p>\n<ul>\n<li><strong><a href=\"http:\/\/oake.sk\/files\/informacie_zakladne\/tsv_tlaciva\/tlacivo_ciastocne_uvolnenie_od_tsv_iii._zdrav._sk.doc\" target=\"_blank\">Tla\u010divo \u010diasto\u010dn\u00e9 uvo\u013enenie od TSV &#8211; III. zdravotn\u00e1 skupina<\/a><\/strong>\u00a0 \u00a0\u2190 tla\u010divo vyplni\u0165<\/li>\n<li><strong><a href=\"http:\/\/oake.sk\/files\/informacie_zakladne\/tsv_tlaciva\/ziadost_zak._zastupcu_o_uvolnenie_od_tsv.doc\" target=\"_blank\">\u017diados\u0165 z\u00e1konn\u00e9ho z\u00e1stupcu o uvo\u013enenie od TSV<\/a><\/strong>\u00a0\u00a0\u2190 ak je \u017eiak mlad\u0161\u00ed ako 18 rokov = \u017eiados\u0165 vyplni\u0165\/upravi\u0165<\/li>\n<\/ul>\n<p>V\u00a0pr\u00edpade, \u017ee sa \u017eiak nem\u00f4\u017ee z\u00fa\u010dastni\u0165 pochodov a pobytu v pr\u00edrode po\u010das \u00daC a\u00a0KOCAP, tie\u017e to dolo\u017e\u00ed potvrden\u00edm od lek\u00e1ra na za\u010diatku \u0161kolsk\u00e9ho roka.<\/p>\n<p>&nbsp;<\/p>\n<p>Tla\u010divo na uvo\u013enenie od cvi\u010denia na hodin\u00e1ch TSV a\u00a0aj tla\u010divo na \u010diasto\u010dn\u00e9 uvo\u013enenie od cvi\u010denia na hodin\u00e1ch TSV potvrd\u00ed odborn\u00fd lek\u00e1r (pod\u013ea oslabenia) alebo praktick\u00fd lek\u00e1r ku ktor\u00e9mu \u017eiak patr\u00ed. Tla\u010divo nech lek\u00e1r vystav\u00ed na cel\u00fd \u0161kolsk\u00fd rok. Potvrden\u00e9 tla\u010divo kompletne vyplnen\u00e9 s vyjadren\u00edm lek\u00e1ra a podp\u00edsan\u00e9 z\u00e1konn\u00fdm z\u00e1stupcom \u00a0+ \u00a0\u017eiados\u0165 z\u00e1konn\u00e9ho z\u00e1stupcu odovzda\u0165\u00a0 ka\u017edoro\u010dne do\u00a0\u00a0<strong>15. 09. (alebo 31. 01. ak ide o oslobedenie na 2. polrok \u0161k. roka)<\/strong>\u00a0triednemu u\u010dite\u013eovi.<\/p>\n<p>&nbsp;<\/p>\n<p>Ak \u017eiak nepredlo\u017e\u00ed do stanoven\u00e9ho term\u00ednu potvrdenie od lek\u00e1ra, mus\u00ed sa z\u00fa\u010dast\u0148ova\u0165 cvi\u010denia na hodin\u00e1ch telesnej v\u00fdchovy a\u00a0bude mu udelen\u00e9 v\u00fdchovn\u00e9 opatrenie pod\u013ea \u0161kolsk\u00e9ho poriadku. Toto rozhodnutie sa nedot\u00fdka zmien zdravotn\u00e9ho stavu po\u010das \u0161kolsk\u00e9ho roka.<\/p>\n<\/div>\n<\/div>\n","protected":false},"excerpt":{"rendered":"<p>Oslobodenie od cvi\u010denia na hodin\u00e1ch TSV IV.\u00a0ZDRAVOTN\u00c1 SKUPINA &#8211; \u00fapln\u00e9 uvo\u013enenie od cvi\u010denia na hodin\u00e1ch TSV \u017diaci s v\u00e1\u017enymi zdravotn\u00fdmi probl\u00e9mami bud\u00fa uvo\u013enen\u00ed od cvi\u010denia na hodin\u00e1ch telesnej a\u00a0\u0161portovej v\u00fdchovy&hellip;<\/p>\n","protected":false},"author":1,"featured_media":0,"parent":0,"menu_order":0,"comment_status":"closed","ping_status":"closed","template":"","meta":{"footnotes":""},"_links":{"self":[{"href":"https:\/\/noa.bart.sk\/index.php\/wp-json\/wp\/v2\/pages\/398"}],"collection":[{"href":"https:\/\/noa.bart.sk\/index.php\/wp-json\/wp\/v2\/pages"}],"about":[{"href":"https:\/\/noa.bart.sk\/index.php\/wp-json\/wp\/v2\/types\/page"}],"author":[{"embeddable":true,"href":"https:\/\/noa.bart.sk\/index.php\/wp-json\/wp\/v2\/users\/1"}],"replies":[{"embeddable":true,"href":"https:\/\/noa.bart.sk\/index.php\/wp-json\/wp\/v2\/comments?post=398"}],"version-history":[{"count":2,"href":"https:\/\/noa.bart.sk\/index.php\/wp-json\/wp\/v2\/pages\/398\/revisions"}],"predecessor-version":[{"id":400,"href":"https:\/\/noa.bart.sk\/index.php\/wp-json\/wp\/v2\/pages\/398\/revisions\/400"}],"wp:attachment":[{"href":"https:\/\/noa.bart.sk\/index.php\/wp-json\/wp\/v2\/media?parent=398"}],"curies":[{"name":"wp","href":"https:\/\/api.w.org\/{rel}","templated":true}]}}