{"id":395,"date":"2016-09-20T21:32:21","date_gmt":"2016-09-20T19:32:21","guid":{"rendered":"http:\/\/noa.bart.sk\/?page_id=395"},"modified":"2016-09-20T22:23:23","modified_gmt":"2016-09-20T20:23:23","slug":"aktualne","status":"publish","type":"page","link":"https:\/\/noa.bart.sk\/index.php\/aktualne\/","title":{"rendered":"Aktu\u00e1lne"},"content":{"rendered":"<p>[vc_row][vc_column][vc_masonry_grid post_type=&#8220;post&#8220; max_items=&#8220;10&#8243; style=&#8220;load-more&#8220; items_per_page=&#8220;5&#8243; element_width=&#8220;6&#8243; item=&#8220;masonryGrid_WithSideContent&#8220; btn_title=&#8220;\u010c\u00edtaj \u010falej&#8220; btn_style=&#8220;custom&#8220; btn_custom_text=&#8220;#d31c08&#8243; grid_id=&#8220;vc_gid:1474402636169-b6340fc51224505c1923a93044b3da62-1&#8243; taxonomies=&#8220;28&#8243; btn_add_icon=&#8220;true&#8220; btn_custom_onclick=&#8220;true&#8220;][\/vc_column][\/vc_row]<\/p>\n","protected":false},"excerpt":{"rendered":"<p>[vc_row][vc_column][vc_masonry_grid post_type=&#8220;post&#8220; max_items=&#8220;10&#8243; style=&#8220;load-more&#8220; items_per_page=&#8220;5&#8243; element_width=&#8220;6&#8243; item=&#8220;masonryGrid_WithSideContent&#8220; btn_title=&#8220;\u010c\u00edtaj \u010falej&#8220; btn_style=&#8220;custom&#8220; btn_custom_text=&#8220;#d31c08&#8243; grid_id=&#8220;vc_gid:1474402636169-b6340fc51224505c1923a93044b3da62-1&#8243; taxonomies=&#8220;28&#8243; btn_add_icon=&#8220;true&#8220; btn_custom_onclick=&#8220;true&#8220;][\/vc_column][\/vc_row]<\/p>\n","protected":false},"author":1,"featured_media":0,"parent":0,"menu_order":0,"comment_status":"closed","ping_status":"closed","template":"","meta":{"footnotes":""},"_links":{"self":[{"href":"https:\/\/noa.bart.sk\/index.php\/wp-json\/wp\/v2\/pages\/395"}],"collection":[{"href":"https:\/\/noa.bart.sk\/index.php\/wp-json\/wp\/v2\/pages"}],"about":[{"href":"https:\/\/noa.bart.sk\/index.php\/wp-json\/wp\/v2\/types\/page"}],"author":[{"embeddable":true,"href":"https:\/\/noa.bart.sk\/index.php\/wp-json\/wp\/v2\/users\/1"}],"replies":[{"embeddable":true,"href":"https:\/\/noa.bart.sk\/index.php\/wp-json\/wp\/v2\/comments?post=395"}],"version-history":[{"count":9,"href":"https:\/\/noa.bart.sk\/index.php\/wp-json\/wp\/v2\/pages\/395\/revisions"}],"predecessor-version":[{"id":413,"href":"https:\/\/noa.bart.sk\/index.php\/wp-json\/wp\/v2\/pages\/395\/revisions\/413"}],"wp:attachment":[{"href":"https:\/\/noa.bart.sk\/index.php\/wp-json\/wp\/v2\/media?parent=395"}],"curies":[{"name":"wp","href":"https:\/\/api.w.org\/{rel}","templated":true}]}}