{"id":153,"date":"2016-07-18T08:40:44","date_gmt":"2016-07-18T06:40:44","guid":{"rendered":"http:\/\/www.noa.bart.sk\/newWeb\/?page_id=153"},"modified":"2016-09-20T21:20:59","modified_gmt":"2016-09-20T19:20:59","slug":"sport","status":"publish","type":"page","link":"https:\/\/noa.bart.sk\/index.php\/sport\/","title":{"rendered":"V\u00fdsledky"},"content":{"rendered":"<p>[vc_row][vc_column][vc_custom_heading text=&#8220;Aktu\u00e1lne v\u00fdsledky&#8220; font_container=&#8220;tag:h2|text_align:center&#8220;][\/vc_column][\/vc_row]<\/p>\n","protected":false},"excerpt":{"rendered":"<p>[vc_row][vc_column][vc_custom_heading text=&#8220;Aktu\u00e1lne v\u00fdsledky&#8220; font_container=&#8220;tag:h2|text_align:center&#8220;][\/vc_column][\/vc_row]<\/p>\n","protected":false},"author":1,"featured_media":0,"parent":0,"menu_order":0,"comment_status":"closed","ping_status":"closed","template":"","meta":{"footnotes":""},"_links":{"self":[{"href":"https:\/\/noa.bart.sk\/index.php\/wp-json\/wp\/v2\/pages\/153"}],"collection":[{"href":"https:\/\/noa.bart.sk\/index.php\/wp-json\/wp\/v2\/pages"}],"about":[{"href":"https:\/\/noa.bart.sk\/index.php\/wp-json\/wp\/v2\/types\/page"}],"author":[{"embeddable":true,"href":"https:\/\/noa.bart.sk\/index.php\/wp-json\/wp\/v2\/users\/1"}],"replies":[{"embeddable":true,"href":"https:\/\/noa.bart.sk\/index.php\/wp-json\/wp\/v2\/comments?post=153"}],"version-history":[{"count":3,"href":"https:\/\/noa.bart.sk\/index.php\/wp-json\/wp\/v2\/pages\/153\/revisions"}],"predecessor-version":[{"id":390,"href":"https:\/\/noa.bart.sk\/index.php\/wp-json\/wp\/v2\/pages\/153\/revisions\/390"}],"wp:attachment":[{"href":"https:\/\/noa.bart.sk\/index.php\/wp-json\/wp\/v2\/media?parent=153"}],"curies":[{"name":"wp","href":"https:\/\/api.w.org\/{rel}","templated":true}]}}