{"id":143,"date":"2016-07-17T20:32:26","date_gmt":"2016-07-17T18:32:26","guid":{"rendered":"http:\/\/www.noa.bart.sk\/newWeb\/?page_id=143"},"modified":"2025-09-25T10:30:48","modified_gmt":"2025-09-25T08:30:48","slug":"ziacka-skolska-rada","status":"publish","type":"page","link":"https:\/\/noa.bart.sk\/index.php\/ziacka-skolska-rada\/","title":{"rendered":"\u0160kolsk\u00fd parlament"},"content":{"rendered":"<p><b>Predseda \u0160P<\/b>: Thomas Oliver T\u00f3th IV. D<span id=\"more-443\"><\/span><\/p>\n<p><b>Podpredseda \u0160P<\/b>: Chantal \u0160kovranov\u00e1 IV. D<\/p>\n<p><b>\u010clenovia<\/b>:<\/p>\n<p>Bianka Farka\u0161ov\u00e1 III.D<\/p>\n<p>So\u0148a Futrikani\u010dov\u00e1 III.D<\/p>\n<p>Zuzana Kacvinsk\u00e1 III.E<\/p>\n<p><b>Koordin\u00e1tor:<\/b> Mgr. Mikul\u00e1\u0161 Luk\u00e1\u010d, PhD.<\/p>\n","protected":false},"excerpt":{"rendered":"<p>Predseda \u0160P: Thomas Oliver T\u00f3th IV. D Podpredseda \u0160P: Chantal \u0160kovranov\u00e1 IV. D \u010clenovia: Bianka Farka\u0161ov\u00e1 III.D So\u0148a Futrikani\u010dov\u00e1 III.D Zuzana Kacvinsk\u00e1 III.E Koordin\u00e1tor: Mgr. Mikul\u00e1\u0161 Luk\u00e1\u010d, PhD.<\/p>\n","protected":false},"author":1,"featured_media":0,"parent":0,"menu_order":0,"comment_status":"closed","ping_status":"closed","template":"","meta":{"footnotes":""},"_links":{"self":[{"href":"https:\/\/noa.bart.sk\/index.php\/wp-json\/wp\/v2\/pages\/143"}],"collection":[{"href":"https:\/\/noa.bart.sk\/index.php\/wp-json\/wp\/v2\/pages"}],"about":[{"href":"https:\/\/noa.bart.sk\/index.php\/wp-json\/wp\/v2\/types\/page"}],"author":[{"embeddable":true,"href":"https:\/\/noa.bart.sk\/index.php\/wp-json\/wp\/v2\/users\/1"}],"replies":[{"embeddable":true,"href":"https:\/\/noa.bart.sk\/index.php\/wp-json\/wp\/v2\/comments?post=143"}],"version-history":[{"count":19,"href":"https:\/\/noa.bart.sk\/index.php\/wp-json\/wp\/v2\/pages\/143\/revisions"}],"predecessor-version":[{"id":2384,"href":"https:\/\/noa.bart.sk\/index.php\/wp-json\/wp\/v2\/pages\/143\/revisions\/2384"}],"wp:attachment":[{"href":"https:\/\/noa.bart.sk\/index.php\/wp-json\/wp\/v2\/media?parent=143"}],"curies":[{"name":"wp","href":"https:\/\/api.w.org\/{rel}","templated":true}]}}